{"id":103,"date":"2022-08-16T15:56:54","date_gmt":"2022-08-16T15:56:54","guid":{"rendered":"https:\/\/hsgbestetrave.de\/?page_id=103"},"modified":"2022-10-11T17:12:06","modified_gmt":"2022-10-11T17:12:06","slug":"e-jugend-2","status":"publish","type":"page","link":"https:\/\/hsgbestetrave.de\/?page_id=103","title":{"rendered":"E-Jugend"},"content":{"rendered":"\n<div class=\"wp-block-cover alignfull\"><span aria-hidden=\"true\" class=\"wp-block-cover__background has-background-dim\"><\/span><img loading=\"lazy\" decoding=\"async\" width=\"2048\" height=\"1536\" class=\"wp-block-cover__image-background wp-image-259\" alt=\"\" src=\"https:\/\/hsgbestetrave.de\/wp-content\/uploads\/2022\/09\/Turnier.jpg\" data-object-fit=\"cover\" srcset=\"https:\/\/hsgbestetrave.de\/wp-content\/uploads\/2022\/09\/Turnier.jpg 2048w, https:\/\/hsgbestetrave.de\/wp-content\/uploads\/2022\/09\/Turnier-300x225.jpg 300w, https:\/\/hsgbestetrave.de\/wp-content\/uploads\/2022\/09\/Turnier-1024x768.jpg 1024w, https:\/\/hsgbestetrave.de\/wp-content\/uploads\/2022\/09\/Turnier-768x576.jpg 768w, https:\/\/hsgbestetrave.de\/wp-content\/uploads\/2022\/09\/Turnier-1536x1152.jpg 1536w\" sizes=\"auto, (max-width: 2048px) 100vw, 2048px\" \/><div class=\"wp-block-cover__inner-container is-layout-flow wp-block-cover-is-layout-flow\">\n<p class=\"has-text-align-center has-large-font-size wp-block-paragraph\">Weibliche E-Jugend<\/p>\n<\/div><\/div>\n\n\n\n<div style=\"height:40px\" aria-hidden=\"true\" class=\"wp-block-spacer\"><\/div>\n\n\n\n<p class=\"wp-block-paragraph\">Hallo liebe Handballfreunde,<\/p>\n\n\n\n<p class=\"wp-block-paragraph\">wir sind mit unseren beiden Jugendmannschaften der E- und D-Jugend noch im Aufbau und freuen uns \u00fcber M\u00e4dchen der Jahrg\u00e4nge 2010 \u2013 2013, die zum Probetraining vorbeikommen. Je mehr wir sind, desto mehr Spa\u00df macht das Training!<\/p>\n\n\n\n<p class=\"wp-block-paragraph\">Mitzubringen bei jedem Training sind: Sportkleidung (kurze Hose, T-Shirt), Hallenschuhe, wer l\u00e4ngere Haare hat, bitte ein Haarband und ganz viel zu trinken, denn wer beim Handball nicht ins Schwitzen kommt, macht definitiv etwas falsch.<\/p>\n\n\n\n<p class=\"wp-block-paragraph\">B\u00e4lle haben wir in der Halle und auch sonst sehr viel Trainingsmaterial, welches viel Abwechslung beim Training bietet. Lasst Euch \u00fcberraschen! Wir freuen uns auf Euch!<\/p>\n\n\n\n<p class=\"wp-block-paragraph\">Sonja und Katja<\/p>\n\n\n\n<div class=\"wp-block-columns is-layout-flex wp-container-core-columns-is-layout-7387b849 wp-block-columns-is-layout-flex\">\n<div class=\"wp-block-column is-layout-flow wp-block-column-is-layout-flow\">\n<h2 class=\"wp-block-heading\">Unsere Trainingszeiten<\/h2>\n\n\n\n<p class=\"wp-block-paragraph\">Dienstags &amp; Donnerstags: 17 &#8211; 18:30 Uhr<\/p>\n<\/div>\n\n\n\n<div class=\"wp-block-column is-layout-flow wp-block-column-is-layout-flow\">\n<h2 class=\"wp-block-heading\">Hier trainieren wir<\/h2>\n\n\n\n<p class=\"wp-block-paragraph\">Schule am Masurenweg (Halle 2) <\/p>\n<\/div>\n<\/div>\n\n\n\n<div style=\"height:31px\" aria-hidden=\"true\" class=\"wp-block-spacer\"><\/div>\n\n\n\n<h2 class=\"wp-block-heading\">Du hast R\u00fcckfragen?<\/h2>\n\n\n\n<p class=\"wp-block-paragraph\">Melde dich gerne unter 0176 4194 7308 bei Katja<\/p>\n","protected":false},"excerpt":{"rendered":"<p>Hallo liebe Handballfreunde, wir sind mit unseren beiden Jugendmannschaften der E- und D-Jugend noch im Aufbau und freuen uns \u00fcber M\u00e4dchen der Jahrg\u00e4nge 2010 \u2013 2013, die zum Probetraining vorbeikommen. [&hellip;]<\/p>\n","protected":false},"author":1,"featured_media":0,"parent":0,"menu_order":0,"comment_status":"closed","ping_status":"closed","template":"","meta":{"_crdt_document":"","site-sidebar-layout":"default","site-content-layout":"","ast-site-content-layout":"default","site-content-style":"default","site-sidebar-style":"default","ast-global-header-display":"","ast-banner-title-visibility":"","ast-main-header-display":"","ast-hfb-above-header-display":"","ast-hfb-below-header-display":"","ast-hfb-mobile-header-display":"","site-post-title":"disabled","ast-breadcrumbs-content":"","ast-featured-img":"","footer-sml-layout":"","ast-disable-related-posts":"","theme-transparent-header-meta":"","adv-header-id-meta":"","stick-header-meta":"","header-above-stick-meta":"","header-main-stick-meta":"","header-below-stick-meta":"","astra-migrate-meta-layouts":"default","ast-page-background-enabled":"default","ast-page-background-meta":{"desktop":{"background-color":"var(--ast-global-color-4)","background-image":"","background-repeat":"repeat","background-position":"center center","background-size":"auto","background-attachment":"scroll","background-type":"","background-media":"","overlay-type":"","overlay-color":"","overlay-opacity":"","overlay-gradient":""},"tablet":{"background-color":"","background-image":"","background-repeat":"repeat","background-position":"center center","background-size":"auto","background-attachment":"scroll","background-type":"","background-media":"","overlay-type":"","overlay-color":"","overlay-opacity":"","overlay-gradient":""},"mobile":{"background-color":"","background-image":"","background-repeat":"repeat","background-position":"center center","background-size":"auto","background-attachment":"scroll","background-type":"","background-media":"","overlay-type":"","overlay-color":"","overlay-opacity":"","overlay-gradient":""}},"ast-content-background-meta":{"desktop":{"background-color":"var(--ast-global-color-5)","background-image":"","background-repeat":"repeat","background-position":"center center","background-size":"auto","background-attachment":"scroll","background-type":"","background-media":"","overlay-type":"","overlay-color":"","overlay-opacity":"","overlay-gradient":""},"tablet":{"background-color":"var(--ast-global-color-5)","background-image":"","background-repeat":"repeat","background-position":"center center","background-size":"auto","background-attachment":"scroll","background-type":"","background-media":"","overlay-type":"","overlay-color":"","overlay-opacity":"","overlay-gradient":""},"mobile":{"background-color":"var(--ast-global-color-5)","background-image":"","background-repeat":"repeat","background-position":"center center","background-size":"auto","background-attachment":"scroll","background-type":"","background-media":"","overlay-type":"","overlay-color":"","overlay-opacity":"","overlay-gradient":""}},"ngg_post_thumbnail":0,"footnotes":""},"class_list":["post-103","page","type-page","status-publish","hentry"],"jetpack_sharing_enabled":true,"_links":{"self":[{"href":"https:\/\/hsgbestetrave.de\/index.php?rest_route=\/wp\/v2\/pages\/103","targetHints":{"allow":["GET"]}}],"collection":[{"href":"https:\/\/hsgbestetrave.de\/index.php?rest_route=\/wp\/v2\/pages"}],"about":[{"href":"https:\/\/hsgbestetrave.de\/index.php?rest_route=\/wp\/v2\/types\/page"}],"author":[{"embeddable":true,"href":"https:\/\/hsgbestetrave.de\/index.php?rest_route=\/wp\/v2\/users\/1"}],"replies":[{"embeddable":true,"href":"https:\/\/hsgbestetrave.de\/index.php?rest_route=%2Fwp%2Fv2%2Fcomments&post=103"}],"version-history":[{"count":6,"href":"https:\/\/hsgbestetrave.de\/index.php?rest_route=\/wp\/v2\/pages\/103\/revisions"}],"predecessor-version":[{"id":275,"href":"https:\/\/hsgbestetrave.de\/index.php?rest_route=\/wp\/v2\/pages\/103\/revisions\/275"}],"wp:attachment":[{"href":"https:\/\/hsgbestetrave.de\/index.php?rest_route=%2Fwp%2Fv2%2Fmedia&parent=103"}],"curies":[{"name":"wp","href":"https:\/\/api.w.org\/{rel}","templated":true}]}}