{"id":66,"date":"2022-08-07T08:59:25","date_gmt":"2022-08-07T08:59:25","guid":{"rendered":"https:\/\/hsgbestetrave.de\/?page_id=66"},"modified":"2023-03-29T17:58:44","modified_gmt":"2023-03-29T17:58:44","slug":"1-damen","status":"publish","type":"page","link":"https:\/\/hsgbestetrave.de\/?page_id=66","title":{"rendered":"1. Damen"},"content":{"rendered":"\n<div class=\"wp-block-cover is-light\"><span aria-hidden=\"true\" class=\"wp-block-cover__background has-background-dim\"><\/span><img loading=\"lazy\" decoding=\"async\" width=\"1170\" height=\"883\" class=\"wp-block-cover__image-background wp-image-120\" alt=\"\" src=\"https:\/\/hsgbestetrave.de\/wp-content\/uploads\/2022\/08\/IMG_DC03DCC2716F-1.jpeg\" data-object-fit=\"cover\" srcset=\"https:\/\/hsgbestetrave.de\/wp-content\/uploads\/2022\/08\/IMG_DC03DCC2716F-1.jpeg 1170w, https:\/\/hsgbestetrave.de\/wp-content\/uploads\/2022\/08\/IMG_DC03DCC2716F-1-300x226.jpeg 300w, https:\/\/hsgbestetrave.de\/wp-content\/uploads\/2022\/08\/IMG_DC03DCC2716F-1-1024x773.jpeg 1024w, https:\/\/hsgbestetrave.de\/wp-content\/uploads\/2022\/08\/IMG_DC03DCC2716F-1-768x580.jpeg 768w\" sizes=\"auto, (max-width: 1170px) 100vw, 1170px\" \/><div class=\"wp-block-cover__inner-container is-layout-flow wp-block-cover-is-layout-flow\">\n<h1 class=\"wp-block-heading has-text-align-center\"> 1. Damen<\/h1>\n<\/div><\/div>\n\n\n\n<p class=\"wp-block-paragraph\"><\/p>\n\n\n\n<p class=\"wp-block-paragraph\">Wir, die HSG Beste\/Trave 1, sind die ehemalige Damenhandballmannschaft des VfL Rethwisch.&nbsp;<\/p>\n\n\n\n<p class=\"wp-block-paragraph\">Da wir derzeit keine\/n Trainer\/Trainerin haben, wird diese Position von mehreren Spielerinnen \u00fcbernommen, die sich die Aufgaben teilen.&nbsp;<\/p>\n\n\n\n<p class=\"wp-block-paragraph\">Unser &#8220;Zuhause&#8221; ist die Masurenweghalle in Bad Oldesloe, wo wir jeden Dienstag und Donnerstag von 20.00 Uhr bis 21.30 Uhr trainieren.<\/p>\n\n\n\n<p class=\"wp-block-paragraph\">In der kommenden Saison werden wir in der Kreisliga antreten und wollen dort versuchen, mit Spa\u00df und Ehrgeiz ein wenig oben mitzumischen.<\/p>\n\n\n\n<p class=\"wp-block-paragraph\">Wir sind immer auf der Suche nach neuen Mitspielerinnen&nbsp; sowie&nbsp;<strong>!wichtig!&nbsp;<\/strong>nach einem&nbsp;<strong>neuen Trainer\/einer neuen Trainerin<\/strong>&nbsp;&#8211; wenn wir also Dein Interesse geweckt haben, komm&#8217; gerne vorbei! Gebraucht wird alles: Von Torfrau \u00fcber R\u00fcckraumshooter bis Fl\u00fcgelflitzer und Kreisl\u00e4uferin, sowie eben jemand, der uns von der Seitenlinie aus Feuer macht.<\/p>\n\n\n\n<div class=\"wp-block-columns is-layout-flex wp-container-core-columns-is-layout-7387b849 wp-block-columns-is-layout-flex\">\n<div class=\"wp-block-column is-layout-flow wp-block-column-is-layout-flow\">\n<h2 class=\"wp-block-heading\">Unsere Trainingszeiten<\/h2>\n\n\n\n<p class=\"wp-block-paragraph\">Dienstags &amp; Donnerstags: 20-21:30 Uhr <\/p>\n<\/div>\n\n\n\n<div class=\"wp-block-column is-layout-flow wp-block-column-is-layout-flow\">\n<h2 class=\"wp-block-heading\">Hier trainieren wir<\/h2>\n\n\n\n<p class=\"wp-block-paragraph\">Sporthalle am Masurenweg<br>Masurenweg 22<br>23843 Bad Oldesloe<\/p>\n<\/div>\n<\/div>\n\n\n<style>.kb-posts-id-_64fe1a-f8 .kb-post-list-item{display:grid;}<\/style><ul class=\"wp-block-kadence-posts kb-posts kadence-posts-list kb-posts-id-_64fe1a-f8 content-wrap grid-cols kb-posts-style-boxed grid-sm-col-1 grid-lg-col-2 item-image-style-above\"><li class=\"kb-post-list-item\">\n\t<article class=\"entry content-bg loop-entry post-424 post type-post status-publish format-standard has-post-thumbnail hentry category-news-1-damen\">\n\t\t\t\t<a aria-hidden=\"true\" tabindex=\"-1\" role=\"presentation\" class=\"post-thumbnail kadence-thumbnail-ratio-2-3\" href=\"https:\/\/hsgbestetrave.de\/?p=424\" aria-label=\"Kreismeisterschaft 1. Damen\">\n\t\t\t<div class=\"post-thumbnail-inner\">\n\t\t\t\t<img loading=\"lazy\" decoding=\"async\" width=\"768\" height=\"1024\" src=\"https:\/\/hsgbestetrave.de\/wp-content\/uploads\/2023\/03\/IMG-20230326-WA0015.jpg\" class=\"attachment-medium_large size-medium_large wp-post-image\" alt=\"Kreismeisterschaft 1. Damen\" srcset=\"https:\/\/hsgbestetrave.de\/wp-content\/uploads\/2023\/03\/IMG-20230326-WA0015.jpg 768w, https:\/\/hsgbestetrave.de\/wp-content\/uploads\/2023\/03\/IMG-20230326-WA0015-225x300.jpg 225w\" sizes=\"auto, (max-width: 768px) 100vw, 768px\" \/>\t\t\t<\/div>\n\t\t<\/a><!-- .post-thumbnail -->\n\t\t\t\t<div class=\"entry-content-wrap\">\n\t\t\t<header class=\"entry-header\">\n\t\t<div class=\"entry-taxonomies\">\n\t\t<span class=\"category-links term-links category-style-normal\">\n\t\t\t<a href=\"https:\/\/hsgbestetrave.de\/?cat=15\" rel=\"category\">News 1.Damen<\/a>\t\t<\/span>\n\t<\/div><!-- .entry-taxonomies -->\n\t<h2 class=\"entry-title\"><a href=\"https:\/\/hsgbestetrave.de\/?p=424\" rel=\"bookmark\">Kreismeisterschaft 1. Damen<\/a><\/h2>\t<div class=\"entry-meta entry-meta-divider-dot\">\n\t\t\t\t<span class=\"posted-on\">\n\t\t\t\t<time class=\"entry-date published\" datetime=\"2023-03-29T20:42:53+00:00\">M\u00e4rz 29, 2023<\/time><time class=\"updated\" datetime=\"2023-03-29T20:42:55+00:00\">M\u00e4rz 29, 2023<\/time>\t\t\t<\/span>\n\t\t\t\t<\/div><!-- .entry-meta -->\n\t<\/header><!-- .entry-header -->\n\t<div class=\"entry-summary\">\n\t\t<p>Wir gratulieren unseren 1. Damen zur Kreismeisterschaft!!!<\/p>\n\t<\/div><!-- .entry-summary -->\n\t<footer class=\"entry-footer\">\n\t\t\t<div class=\"entry-actions\">\n\t\t\t<p class=\"more-link-wrap\">\n\t\t\t\t<a href=\"https:\/\/hsgbestetrave.de\/?p=424\" class=\"post-more-link\">\n\t\t\t\t\tRead More<span class=\"screen-reader-text\"> Kreismeisterschaft 1. Damen<\/span><span class=\"kadence-svg-iconset svg-baseline\"><svg aria-hidden=\"true\" class=\"kadence-svg-icon kadence-arrow-right-alt-svg\" fill=\"currentColor\" version=\"1.1\" xmlns=\"http:\/\/www.w3.org\/2000\/svg\" width=\"27\" height=\"28\" viewBox=\"0 0 27 28\"><title>Continue<\/title><path d=\"M27 13.953c0 0.141-0.063 0.281-0.156 0.375l-6 5.531c-0.156 0.141-0.359 0.172-0.547 0.094-0.172-0.078-0.297-0.25-0.297-0.453v-3.5h-19.5c-0.281 0-0.5-0.219-0.5-0.5v-3c0-0.281 0.219-0.5 0.5-0.5h19.5v-3.5c0-0.203 0.109-0.375 0.297-0.453s0.391-0.047 0.547 0.078l6 5.469c0.094 0.094 0.156 0.219 0.156 0.359v0z\"><\/path>\n\t\t\t<\/svg><\/span>\t\t\t\t<\/a>\n\t\t\t<\/p>\n\t\t<\/div><!-- .entry-actions -->\n\t\t<\/footer><!-- .entry-footer -->\t\t<\/div>\n\t<\/article>\n<\/li>\n<\/ul>","protected":false},"excerpt":{"rendered":"<p>Wir, die HSG Beste\/Trave 1, sind die ehemalige Damenhandballmannschaft des VfL Rethwisch.&nbsp; Da wir derzeit keine\/n Trainer\/Trainerin haben, wird diese Position von mehreren Spielerinnen \u00fcbernommen, die sich die Aufgaben teilen.&nbsp; [&hellip;]<\/p>\n","protected":false},"author":1,"featured_media":0,"parent":0,"menu_order":0,"comment_status":"closed","ping_status":"closed","template":"","meta":{"_crdt_document":"","site-sidebar-layout":"default","site-content-layout":"","ast-site-content-layout":"default","site-content-style":"default","site-sidebar-style":"default","ast-global-header-display":"","ast-banner-title-visibility":"","ast-main-header-display":"","ast-hfb-above-header-display":"","ast-hfb-below-header-display":"","ast-hfb-mobile-header-display":"","site-post-title":"disabled","ast-breadcrumbs-content":"","ast-featured-img":"","footer-sml-layout":"","ast-disable-related-posts":"","theme-transparent-header-meta":"","adv-header-id-meta":"","stick-header-meta":"","header-above-stick-meta":"","header-main-stick-meta":"","header-below-stick-meta":"","astra-migrate-meta-layouts":"default","ast-page-background-enabled":"default","ast-page-background-meta":{"desktop":{"background-color":"var(--ast-global-color-4)","background-image":"","background-repeat":"repeat","background-position":"center center","background-size":"auto","background-attachment":"scroll","background-type":"","background-media":"","overlay-type":"","overlay-color":"","overlay-opacity":"","overlay-gradient":""},"tablet":{"background-color":"","background-image":"","background-repeat":"repeat","background-position":"center center","background-size":"auto","background-attachment":"scroll","background-type":"","background-media":"","overlay-type":"","overlay-color":"","overlay-opacity":"","overlay-gradient":""},"mobile":{"background-color":"","background-image":"","background-repeat":"repeat","background-position":"center center","background-size":"auto","background-attachment":"scroll","background-type":"","background-media":"","overlay-type":"","overlay-color":"","overlay-opacity":"","overlay-gradient":""}},"ast-content-background-meta":{"desktop":{"background-color":"var(--ast-global-color-5)","background-image":"","background-repeat":"repeat","background-position":"center center","background-size":"auto","background-attachment":"scroll","background-type":"","background-media":"","overlay-type":"","overlay-color":"","overlay-opacity":"","overlay-gradient":""},"tablet":{"background-color":"var(--ast-global-color-5)","background-image":"","background-repeat":"repeat","background-position":"center center","background-size":"auto","background-attachment":"scroll","background-type":"","background-media":"","overlay-type":"","overlay-color":"","overlay-opacity":"","overlay-gradient":""},"mobile":{"background-color":"var(--ast-global-color-5)","background-image":"","background-repeat":"repeat","background-position":"center center","background-size":"auto","background-attachment":"scroll","background-type":"","background-media":"","overlay-type":"","overlay-color":"","overlay-opacity":"","overlay-gradient":""}},"ngg_post_thumbnail":0,"footnotes":""},"class_list":["post-66","page","type-page","status-publish","hentry"],"jetpack_sharing_enabled":true,"_links":{"self":[{"href":"https:\/\/hsgbestetrave.de\/index.php?rest_route=\/wp\/v2\/pages\/66","targetHints":{"allow":["GET"]}}],"collection":[{"href":"https:\/\/hsgbestetrave.de\/index.php?rest_route=\/wp\/v2\/pages"}],"about":[{"href":"https:\/\/hsgbestetrave.de\/index.php?rest_route=\/wp\/v2\/types\/page"}],"author":[{"embeddable":true,"href":"https:\/\/hsgbestetrave.de\/index.php?rest_route=\/wp\/v2\/users\/1"}],"replies":[{"embeddable":true,"href":"https:\/\/hsgbestetrave.de\/index.php?rest_route=%2Fwp%2Fv2%2Fcomments&post=66"}],"version-history":[{"count":3,"href":"https:\/\/hsgbestetrave.de\/index.php?rest_route=\/wp\/v2\/pages\/66\/revisions"}],"predecessor-version":[{"id":447,"href":"https:\/\/hsgbestetrave.de\/index.php?rest_route=\/wp\/v2\/pages\/66\/revisions\/447"}],"wp:attachment":[{"href":"https:\/\/hsgbestetrave.de\/index.php?rest_route=%2Fwp%2Fv2%2Fmedia&parent=66"}],"curies":[{"name":"wp","href":"https:\/\/api.w.org\/{rel}","templated":true}]}}