{"id":93,"date":"2022-08-16T15:56:54","date_gmt":"2022-08-16T15:56:54","guid":{"rendered":"https:\/\/hsgbestetrave.de\/?page_id=93"},"modified":"2025-11-16T18:40:32","modified_gmt":"2025-11-16T18:40:32","slug":"d-jugend","status":"publish","type":"page","link":"https:\/\/hsgbestetrave.de\/?page_id=93","title":{"rendered":"D-Jugend"},"content":{"rendered":"\n<div class=\"wp-block-cover alignfull\"><img loading=\"lazy\" decoding=\"async\" width=\"1024\" height=\"588\" class=\"wp-block-cover__image-background wp-image-691 size-large\" alt=\"\" src=\"https:\/\/hsgbestetrave.de\/wp-content\/uploads\/2025\/11\/Mannschaft-MJD-1024x588.jpg\" style=\"object-position:52% 25%\" data-object-fit=\"cover\" data-object-position=\"52% 25%\" srcset=\"https:\/\/hsgbestetrave.de\/wp-content\/uploads\/2025\/11\/Mannschaft-MJD-1024x588.jpg 1024w, https:\/\/hsgbestetrave.de\/wp-content\/uploads\/2025\/11\/Mannschaft-MJD-300x172.jpg 300w, https:\/\/hsgbestetrave.de\/wp-content\/uploads\/2025\/11\/Mannschaft-MJD-768x441.jpg 768w, https:\/\/hsgbestetrave.de\/wp-content\/uploads\/2025\/11\/Mannschaft-MJD-1536x882.jpg 1536w, https:\/\/hsgbestetrave.de\/wp-content\/uploads\/2025\/11\/Mannschaft-MJD-2048x1176.jpg 2048w\" sizes=\"auto, (max-width: 1024px) 100vw, 1024px\" \/><span aria-hidden=\"true\" class=\"wp-block-cover__background has-background-dim\" style=\"background-color:#867370\"><\/span><div class=\"wp-block-cover__inner-container is-layout-flow wp-block-cover-is-layout-flow\">\n<p class=\"has-text-align-center has-large-font-size wp-block-paragraph\"><\/p>\n<\/div><\/div>\n\n\n\n<div style=\"height:42px\" aria-hidden=\"true\" class=\"wp-block-spacer\"><\/div>\n\n\n\n<div class=\"wp-block-columns is-layout-flex wp-container-core-columns-is-layout-7387b849 wp-block-columns-is-layout-flex\">\n<div class=\"wp-block-column is-layout-flow wp-block-column-is-layout-flow\">\n<h2 class=\"wp-block-heading\">Unsere Trainingszeiten<\/h2>\n\n\n\n<p class=\"wp-block-paragraph\">Dienstags: 17:00 &#8211; 18:30 Uhr<br>Donnerstags: 18:30 &#8211; 20 Uhr<\/p>\n<\/div>\n\n\n\n<div class=\"wp-block-column is-layout-flow wp-block-column-is-layout-flow\">\n<h2 class=\"wp-block-heading\">Hier trainieren wir<\/h2>\n\n\n\n<p class=\"wp-block-paragraph\">Heinrich-Vogler-Halle  Bad Oldesloe<\/p>\n<\/div>\n<\/div>\n\n\n<style>.kb-posts-id-93_1a1e31-77 .kb-post-list-item{display:grid;}<\/style><ul class=\"wp-block-kadence-posts kb-posts kadence-posts-list kb-posts-id-93_1a1e31-77 content-wrap grid-cols kb-posts-style-boxed grid-sm-col-2 grid-lg-col-3 item-image-style-above\"><li class=\"kb-post-list-item\">\n\t<article class=\"entry content-bg loop-entry post-473 post type-post status-publish format-standard has-post-thumbnail hentry category-news-mjd category-uncategorized\">\n\t\t\t\t<a aria-hidden=\"true\" tabindex=\"-1\" role=\"presentation\" class=\"post-thumbnail kadence-thumbnail-ratio-2-3\" href=\"https:\/\/hsgbestetrave.de\/?p=473\" aria-label=\"Kolding Handball Cup mJD\">\n\t\t\t<div class=\"post-thumbnail-inner\">\n\t\t\t\t<img loading=\"lazy\" decoding=\"async\" width=\"768\" height=\"576\" src=\"https:\/\/hsgbestetrave.de\/wp-content\/uploads\/2023\/04\/PHOTO-2023-04-08-15-03-38-768x576.jpg\" class=\"attachment-medium_large size-medium_large wp-post-image\" alt=\"Kolding Handball Cup mJD\" srcset=\"https:\/\/hsgbestetrave.de\/wp-content\/uploads\/2023\/04\/PHOTO-2023-04-08-15-03-38-768x576.jpg 768w, https:\/\/hsgbestetrave.de\/wp-content\/uploads\/2023\/04\/PHOTO-2023-04-08-15-03-38-300x225.jpg 300w, https:\/\/hsgbestetrave.de\/wp-content\/uploads\/2023\/04\/PHOTO-2023-04-08-15-03-38.jpg 1024w\" sizes=\"auto, (max-width: 768px) 100vw, 768px\" \/>\t\t\t<\/div>\n\t\t<\/a><!-- .post-thumbnail -->\n\t\t\t\t<div class=\"entry-content-wrap\">\n\t\t\t<header class=\"entry-header\">\n\t\t<div class=\"entry-taxonomies\">\n\t\t<span class=\"category-links term-links category-style-normal\">\n\t\t\t<a href=\"https:\/\/hsgbestetrave.de\/?cat=17\" rel=\"category\">News mJD<\/a> | <a href=\"https:\/\/hsgbestetrave.de\/?cat=1\" rel=\"category\">Uncategorized<\/a>\t\t<\/span>\n\t<\/div><!-- .entry-taxonomies -->\n\t<h2 class=\"entry-title\"><a href=\"https:\/\/hsgbestetrave.de\/?p=473\" rel=\"bookmark\">Kolding Handball Cup mJD<\/a><\/h2>\t<div class=\"entry-meta entry-meta-divider-dot\">\n\t<span class=\"posted-by\"><span class=\"meta-label\">By<\/span><span class=\"author vcard\"><span class=\"fn n\">admin<\/span><\/span><\/span>\t\t\t<span class=\"posted-on\">\n\t\t\t\t<time class=\"entry-date published\" datetime=\"2023-04-10T15:05:00+00:00\">April 10, 2023<\/time><time class=\"updated\" datetime=\"2023-04-24T19:09:03+00:00\">April 24, 2023<\/time>\t\t\t<\/span>\n\t\t\t\t<\/div><!-- .entry-meta -->\n\t<\/header><!-- .entry-header -->\n\t<div class=\"entry-summary\">\n\t\t<p>Vier Jungs von der m\u00e4nnlichen Jugend D undzwei Betreuer unterst\u00fctzten \u00fcber Ostern die Mannschaftdes TSV Bargteheide bei einem Turnier inKolding (D\u00e4nemark). Untergebracht waren wir in einer Schule.Alle vier Vorrundenspiele gingen [&hellip;]<\/p>\n\t<\/div><!-- .entry-summary -->\n\t<footer class=\"entry-footer\">\n\t\t\t<div class=\"entry-actions\">\n\t\t\t<p class=\"more-link-wrap\">\n\t\t\t\t<a href=\"https:\/\/hsgbestetrave.de\/?p=473\" class=\"post-more-link\">\n\t\t\t\t\tRead More<span class=\"screen-reader-text\"> Kolding Handball Cup mJD<\/span><span class=\"kadence-svg-iconset svg-baseline\"><svg aria-hidden=\"true\" class=\"kadence-svg-icon kadence-arrow-right-alt-svg\" fill=\"currentColor\" version=\"1.1\" xmlns=\"http:\/\/www.w3.org\/2000\/svg\" width=\"27\" height=\"28\" viewBox=\"0 0 27 28\"><title>Continue<\/title><path d=\"M27 13.953c0 0.141-0.063 0.281-0.156 0.375l-6 5.531c-0.156 0.141-0.359 0.172-0.547 0.094-0.172-0.078-0.297-0.25-0.297-0.453v-3.5h-19.5c-0.281 0-0.5-0.219-0.5-0.5v-3c0-0.281 0.219-0.5 0.5-0.5h19.5v-3.5c0-0.203 0.109-0.375 0.297-0.453s0.391-0.047 0.547 0.078l6 5.469c0.094 0.094 0.156 0.219 0.156 0.359v0z\"><\/path>\n\t\t\t<\/svg><\/span>\t\t\t\t<\/a>\n\t\t\t<\/p>\n\t\t<\/div><!-- .entry-actions -->\n\t\t<\/footer><!-- .entry-footer -->\t\t<\/div>\n\t<\/article>\n<\/li>\n<\/ul>","protected":false},"excerpt":{"rendered":"<p>Unsere Trainingszeiten Dienstags: 17:00 &#8211; 18:30 UhrDonnerstags: 18:30 &#8211; 20 Uhr Hier trainieren wir Heinrich-Vogler-Halle Bad Oldesloe<\/p>\n","protected":false},"author":1,"featured_media":0,"parent":0,"menu_order":0,"comment_status":"closed","ping_status":"closed","template":"","meta":{"_crdt_document":"","site-sidebar-layout":"default","site-content-layout":"","ast-site-content-layout":"default","site-content-style":"default","site-sidebar-style":"default","ast-global-header-display":"","ast-banner-title-visibility":"","ast-main-header-display":"","ast-hfb-above-header-display":"","ast-hfb-below-header-display":"","ast-hfb-mobile-header-display":"","site-post-title":"","ast-breadcrumbs-content":"","ast-featured-img":"","footer-sml-layout":"","ast-disable-related-posts":"","theme-transparent-header-meta":"","adv-header-id-meta":"","stick-header-meta":"","header-above-stick-meta":"","header-main-stick-meta":"","header-below-stick-meta":"","astra-migrate-meta-layouts":"set","ast-page-background-enabled":"default","ast-page-background-meta":{"desktop":{"background-color":"var(--ast-global-color-4)","background-image":"","background-repeat":"repeat","background-position":"center center","background-size":"auto","background-attachment":"scroll","background-type":"","background-media":"","overlay-type":"","overlay-color":"","overlay-opacity":"","overlay-gradient":""},"tablet":{"background-color":"","background-image":"","background-repeat":"repeat","background-position":"center center","background-size":"auto","background-attachment":"scroll","background-type":"","background-media":"","overlay-type":"","overlay-color":"","overlay-opacity":"","overlay-gradient":""},"mobile":{"background-color":"","background-image":"","background-repeat":"repeat","background-position":"center center","background-size":"auto","background-attachment":"scroll","background-type":"","background-media":"","overlay-type":"","overlay-color":"","overlay-opacity":"","overlay-gradient":""}},"ast-content-background-meta":{"desktop":{"background-color":"var(--ast-global-color-5)","background-image":"","background-repeat":"repeat","background-position":"center center","background-size":"auto","background-attachment":"scroll","background-type":"","background-media":"","overlay-type":"","overlay-color":"","overlay-opacity":"","overlay-gradient":""},"tablet":{"background-color":"var(--ast-global-color-5)","background-image":"","background-repeat":"repeat","background-position":"center center","background-size":"auto","background-attachment":"scroll","background-type":"","background-media":"","overlay-type":"","overlay-color":"","overlay-opacity":"","overlay-gradient":""},"mobile":{"background-color":"var(--ast-global-color-5)","background-image":"","background-repeat":"repeat","background-position":"center center","background-size":"auto","background-attachment":"scroll","background-type":"","background-media":"","overlay-type":"","overlay-color":"","overlay-opacity":"","overlay-gradient":""}},"ngg_post_thumbnail":0,"footnotes":""},"class_list":["post-93","page","type-page","status-publish","hentry"],"jetpack_sharing_enabled":true,"_links":{"self":[{"href":"https:\/\/hsgbestetrave.de\/index.php?rest_route=\/wp\/v2\/pages\/93","targetHints":{"allow":["GET"]}}],"collection":[{"href":"https:\/\/hsgbestetrave.de\/index.php?rest_route=\/wp\/v2\/pages"}],"about":[{"href":"https:\/\/hsgbestetrave.de\/index.php?rest_route=\/wp\/v2\/types\/page"}],"author":[{"embeddable":true,"href":"https:\/\/hsgbestetrave.de\/index.php?rest_route=\/wp\/v2\/users\/1"}],"replies":[{"embeddable":true,"href":"https:\/\/hsgbestetrave.de\/index.php?rest_route=%2Fwp%2Fv2%2Fcomments&post=93"}],"version-history":[{"count":7,"href":"https:\/\/hsgbestetrave.de\/index.php?rest_route=\/wp\/v2\/pages\/93\/revisions"}],"predecessor-version":[{"id":696,"href":"https:\/\/hsgbestetrave.de\/index.php?rest_route=\/wp\/v2\/pages\/93\/revisions\/696"}],"wp:attachment":[{"href":"https:\/\/hsgbestetrave.de\/index.php?rest_route=%2Fwp%2Fv2%2Fmedia&parent=93"}],"curies":[{"name":"wp","href":"https:\/\/api.w.org\/{rel}","templated":true}]}}