{"id":94,"date":"2022-08-08T14:55:51","date_gmt":"2022-08-08T14:55:51","guid":{"rendered":"https:\/\/hsgbestetrave.de\/?page_id=94"},"modified":"2022-12-16T11:09:14","modified_gmt":"2022-12-16T11:09:14","slug":"e-jugend","status":"publish","type":"page","link":"https:\/\/hsgbestetrave.de\/?page_id=94","title":{"rendered":"E-Jugend"},"content":{"rendered":"\n<div class=\"wp-block-cover alignfull\"><span aria-hidden=\"true\" class=\"wp-block-cover__background has-background-dim\"><\/span><img loading=\"lazy\" decoding=\"async\" width=\"2243\" height=\"2000\" class=\"wp-block-cover__image-background wp-image-328\" alt=\"\" src=\"https:\/\/hsgbestetrave.de\/wp-content\/uploads\/2022\/11\/mJE_BTC22.jpg\" style=\"object-position:48% 34%\" data-object-fit=\"cover\" data-object-position=\"48% 34%\" srcset=\"https:\/\/hsgbestetrave.de\/wp-content\/uploads\/2022\/11\/mJE_BTC22.jpg 2243w, https:\/\/hsgbestetrave.de\/wp-content\/uploads\/2022\/11\/mJE_BTC22-300x267.jpg 300w, https:\/\/hsgbestetrave.de\/wp-content\/uploads\/2022\/11\/mJE_BTC22-1024x913.jpg 1024w, https:\/\/hsgbestetrave.de\/wp-content\/uploads\/2022\/11\/mJE_BTC22-768x685.jpg 768w, https:\/\/hsgbestetrave.de\/wp-content\/uploads\/2022\/11\/mJE_BTC22-1536x1370.jpg 1536w, https:\/\/hsgbestetrave.de\/wp-content\/uploads\/2022\/11\/mJE_BTC22-2048x1826.jpg 2048w\" sizes=\"auto, (max-width: 2243px) 100vw, 2243px\" \/><div class=\"wp-block-cover__inner-container is-layout-flow wp-block-cover-is-layout-flow\">\n<p class=\"has-text-align-center has-large-font-size wp-block-paragraph\">M\u00e4nnliche E-Jugend<\/p>\n<\/div><\/div>\n\n\n\n<div style=\"height:63px\" aria-hidden=\"true\" class=\"wp-block-spacer\"><\/div>\n\n\n\n<h2 class=\"wp-block-heading\"><strong>HSG Beste Trave \u2013 m\u00e4nnliche E-Jugend (8-10 Jahre)<\/strong><\/h2>\n\n\n\n<div style=\"height:46px\" aria-hidden=\"true\" class=\"wp-block-spacer\"><\/div>\n\n\n\n<p class=\"wp-block-paragraph\">Der Umgang mit dem Handball \u2013 prellen, werfen und fangen \u2013 ist ein wesentlicher Bestandteil der \u00dcbungseinheiten der E-Jugend.<\/p>\n\n\n\n<p class=\"wp-block-paragraph\">Auch hier steht der Spa\u00df an der Bewegung und das gemeinschaftliche Spiel im Vordergrund. Erste taktische und wurftechnische Einheiten werden in den Trainingsablauf integriert.<\/p>\n\n\n\n<p class=\"wp-block-paragraph\">Die m\u00e4nnliche E-Jugend der HSG Beste Trave bestreitet in der Hallensaison Punktspiele in der Kreisliga. Mit anderen Mannschaften aus der direkten Umgebung messen sie sich mit viel Freude am Sport auf hohem Niveau im Wettbewerb.<br>Im Sommer wird an Rasen- und Hallenturnieren teilgenommen.&nbsp;Fairness, Miteinander, Teamgeist und Zusammenhalt werden bei uns gro\u00dfgeschrieben.<\/p>\n\n\n\n<p class=\"wp-block-paragraph\">Interesse geweckt? Dann schreib uns doch eine Mail <a href=\"mailto:mje@hsgbestetrave.de\">mje@hsgbestetrave.de<\/a><\/p>\n\n\n\n<div class=\"wp-block-columns is-layout-flex wp-container-core-columns-is-layout-7387b849 wp-block-columns-is-layout-flex\">\n<div class=\"wp-block-column is-layout-flow wp-block-column-is-layout-flow\">\n<h2 class=\"wp-block-heading\">Unsere Trainingszeiten<\/h2>\n\n\n\n<p class=\"wp-block-paragraph\">Dienstags &amp; Donnerstags: 16:30 &#8211; 18:30 Uhr<\/p>\n<\/div>\n\n\n\n<div class=\"wp-block-column is-layout-flow wp-block-column-is-layout-flow\">\n<h2 class=\"wp-block-heading\">Hier trainieren wir<\/h2>\n\n\n\n<p class=\"wp-block-paragraph\">Heinrich Vogler Halle Bad Oldesloe<\/p>\n<\/div>\n<\/div>\n\n\n\n<p class=\"wp-block-paragraph\"><strong><a rel=\"noreferrer noopener\" href=\"https:\/\/www.handball4all.de\/home\/portal\/hvsh#\/league?ogId=56&amp;lId=94206\" data-type=\"URL\" data-id=\"https:\/\/www.handball4all.de\/home\/portal\/hvsh#\/league?ogId=56&amp;lId=94206\" target=\"_blank\">Hier<\/a> geht es zu unserem aktuellen Spielplan.<\/strong><\/p>\n\n\n\n<p class=\"wp-block-paragraph\"><\/p>\n\n\n\n<h2 class=\"wp-block-heading\">News der MJE<\/h2>\n\n\n\n<p class=\"wp-block-paragraph\"><\/p>\n\n\n<style>.kb-posts-id-_fca39c-5c .kb-post-list-item{display:grid;}<\/style><ul class=\"wp-block-kadence-posts kb-posts kadence-posts-list kb-posts-id-_fca39c-5c content-wrap grid-cols kb-posts-style-boxed grid-sm-col-2 grid-lg-col-2 item-image-style-above\"><li class=\"kb-post-list-item\">\n\t<article class=\"entry content-bg loop-entry post-662 post type-post status-publish format-standard has-post-thumbnail hentry category-hsg-news category-news-mje\">\n\t\t\t\t<a aria-hidden=\"true\" tabindex=\"-1\" role=\"presentation\" class=\"post-thumbnail kadence-thumbnail-ratio-3-4\" href=\"https:\/\/hsgbestetrave.de\/?p=662\" aria-label=\"MJE Spielbericht 22.09.2024\">\n\t\t\t<div class=\"post-thumbnail-inner\">\n\t\t\t\t<img loading=\"lazy\" decoding=\"async\" width=\"768\" height=\"513\" src=\"https:\/\/hsgbestetrave.de\/wp-content\/uploads\/2024\/09\/Bild-Spiel-GHG-768x513.png\" class=\"attachment-medium_large size-medium_large wp-post-image\" alt=\"MJE Spielbericht 22.09.2024\" srcset=\"https:\/\/hsgbestetrave.de\/wp-content\/uploads\/2024\/09\/Bild-Spiel-GHG-768x513.png 768w, https:\/\/hsgbestetrave.de\/wp-content\/uploads\/2024\/09\/Bild-Spiel-GHG-300x200.png 300w, https:\/\/hsgbestetrave.de\/wp-content\/uploads\/2024\/09\/Bild-Spiel-GHG.png 945w\" sizes=\"auto, (max-width: 768px) 100vw, 768px\" \/>\t\t\t<\/div>\n\t\t<\/a><!-- .post-thumbnail -->\n\t\t\t\t<div class=\"entry-content-wrap\">\n\t\t\t<header class=\"entry-header\">\n\t\t<div class=\"entry-taxonomies\">\n\t\t<span class=\"category-links term-links category-style-normal\">\n\t\t\t<a href=\"https:\/\/hsgbestetrave.de\/?cat=10\" rel=\"category\">HSG NEWS<\/a> | <a href=\"https:\/\/hsgbestetrave.de\/?cat=12\" rel=\"category\">News MJE<\/a>\t\t<\/span>\n\t<\/div><!-- .entry-taxonomies -->\n\t<h2 class=\"entry-title\"><a href=\"https:\/\/hsgbestetrave.de\/?p=662\" rel=\"bookmark\">MJE Spielbericht 22.09.2024<\/a><\/h2><\/header><!-- .entry-header -->\n\t<div class=\"entry-summary\">\n\t\t<p>Es geht wieder los MJE Spielbericht 22.09.2024: Saisonauftakt f\u00fcr unsere mJE gegen GHG Hahnheide Zum Start der Saison 24\/25 wartete auf die mjE eine Ausw\u00e4rtsfahrt nach Trittau zur GHG Hahnheide [&hellip;]<\/p>\n\t<\/div><!-- .entry-summary -->\n\t<footer class=\"entry-footer\">\n\t\t\t<div class=\"entry-actions\">\n\t\t\t<p class=\"more-link-wrap\">\n\t\t\t\t<a href=\"https:\/\/hsgbestetrave.de\/?p=662\" class=\"post-more-link\">\n\t\t\t\t\tRead More<span class=\"screen-reader-text\"> MJE Spielbericht 22.09.2024<\/span><span class=\"kadence-svg-iconset svg-baseline\"><svg aria-hidden=\"true\" class=\"kadence-svg-icon kadence-arrow-right-alt-svg\" fill=\"currentColor\" version=\"1.1\" xmlns=\"http:\/\/www.w3.org\/2000\/svg\" width=\"27\" height=\"28\" viewBox=\"0 0 27 28\"><title>Continue<\/title><path d=\"M27 13.953c0 0.141-0.063 0.281-0.156 0.375l-6 5.531c-0.156 0.141-0.359 0.172-0.547 0.094-0.172-0.078-0.297-0.25-0.297-0.453v-3.5h-19.5c-0.281 0-0.5-0.219-0.5-0.5v-3c0-0.281 0.219-0.5 0.5-0.5h19.5v-3.5c0-0.203 0.109-0.375 0.297-0.453s0.391-0.047 0.547 0.078l6 5.469c0.094 0.094 0.156 0.219 0.156 0.359v0z\"><\/path>\n\t\t\t<\/svg><\/span>\t\t\t\t<\/a>\n\t\t\t<\/p>\n\t\t<\/div><!-- .entry-actions -->\n\t\t<\/footer><!-- .entry-footer -->\t\t<\/div>\n\t<\/article>\n<\/li>\n<li class=\"kb-post-list-item\">\n\t<article class=\"entry content-bg loop-entry post-537 post type-post status-publish format-standard has-post-thumbnail hentry category-news-mje\">\n\t\t\t\t<a aria-hidden=\"true\" tabindex=\"-1\" role=\"presentation\" class=\"post-thumbnail kadence-thumbnail-ratio-3-4\" href=\"https:\/\/hsgbestetrave.de\/?p=537\" aria-label=\"HSG Beste Trave mJE mit TSV Bargteheide in Kolding\">\n\t\t\t<div class=\"post-thumbnail-inner\">\n\t\t\t\t<img loading=\"lazy\" decoding=\"async\" width=\"768\" height=\"425\" src=\"https:\/\/hsgbestetrave.de\/wp-content\/uploads\/2023\/05\/IMG-20230409-WA0010_edit_2351191125315701-768x425.jpg\" class=\"attachment-medium_large size-medium_large wp-post-image\" alt=\"HSG Beste Trave mJE mit TSV Bargteheide in Kolding\" srcset=\"https:\/\/hsgbestetrave.de\/wp-content\/uploads\/2023\/05\/IMG-20230409-WA0010_edit_2351191125315701-768x425.jpg 768w, https:\/\/hsgbestetrave.de\/wp-content\/uploads\/2023\/05\/IMG-20230409-WA0010_edit_2351191125315701-300x166.jpg 300w, https:\/\/hsgbestetrave.de\/wp-content\/uploads\/2023\/05\/IMG-20230409-WA0010_edit_2351191125315701-1024x567.jpg 1024w, https:\/\/hsgbestetrave.de\/wp-content\/uploads\/2023\/05\/IMG-20230409-WA0010_edit_2351191125315701-1536x851.jpg 1536w, https:\/\/hsgbestetrave.de\/wp-content\/uploads\/2023\/05\/IMG-20230409-WA0010_edit_2351191125315701.jpg 1912w\" sizes=\"auto, (max-width: 768px) 100vw, 768px\" \/>\t\t\t<\/div>\n\t\t<\/a><!-- .post-thumbnail -->\n\t\t\t\t<div class=\"entry-content-wrap\">\n\t\t\t<header class=\"entry-header\">\n\t\t<div class=\"entry-taxonomies\">\n\t\t<span class=\"category-links term-links category-style-normal\">\n\t\t\t<a href=\"https:\/\/hsgbestetrave.de\/?cat=12\" rel=\"category\">News MJE<\/a>\t\t<\/span>\n\t<\/div><!-- .entry-taxonomies -->\n\t<h2 class=\"entry-title\"><a href=\"https:\/\/hsgbestetrave.de\/?p=537\" rel=\"bookmark\">HSG Beste Trave mJE mit TSV Bargteheide in Kolding<\/a><\/h2><\/header><!-- .entry-header -->\n\t<div class=\"entry-summary\">\n\t\t<p>Ein gro\u00dfes Abenteuer stand \u00fcber die Osterfeiertage an &#8211; gemeinsam mit dem TSV Bargteheide hatten 4 unsererJungs und 1 M\u00e4del aus der wJE die Gelegenheit beim internationalen Handballturnier in Kolding [&hellip;]<\/p>\n\t<\/div><!-- .entry-summary -->\n\t<footer class=\"entry-footer\">\n\t\t\t<div class=\"entry-actions\">\n\t\t\t<p class=\"more-link-wrap\">\n\t\t\t\t<a href=\"https:\/\/hsgbestetrave.de\/?p=537\" class=\"post-more-link\">\n\t\t\t\t\tRead More<span class=\"screen-reader-text\"> HSG Beste Trave mJE mit TSV Bargteheide in Kolding<\/span><span class=\"kadence-svg-iconset svg-baseline\"><svg aria-hidden=\"true\" class=\"kadence-svg-icon kadence-arrow-right-alt-svg\" fill=\"currentColor\" version=\"1.1\" xmlns=\"http:\/\/www.w3.org\/2000\/svg\" width=\"27\" height=\"28\" viewBox=\"0 0 27 28\"><title>Continue<\/title><path d=\"M27 13.953c0 0.141-0.063 0.281-0.156 0.375l-6 5.531c-0.156 0.141-0.359 0.172-0.547 0.094-0.172-0.078-0.297-0.25-0.297-0.453v-3.5h-19.5c-0.281 0-0.5-0.219-0.5-0.5v-3c0-0.281 0.219-0.5 0.5-0.5h19.5v-3.5c0-0.203 0.109-0.375 0.297-0.453s0.391-0.047 0.547 0.078l6 5.469c0.094 0.094 0.156 0.219 0.156 0.359v0z\"><\/path>\n\t\t\t<\/svg><\/span>\t\t\t\t<\/a>\n\t\t\t<\/p>\n\t\t<\/div><!-- .entry-actions -->\n\t\t<\/footer><!-- .entry-footer -->\t\t<\/div>\n\t<\/article>\n<\/li>\n<li class=\"kb-post-list-item\">\n\t<article class=\"entry content-bg loop-entry post-464 post type-post status-publish format-standard has-post-thumbnail hentry category-news-mje\">\n\t\t\t\t<a aria-hidden=\"true\" tabindex=\"-1\" role=\"presentation\" class=\"post-thumbnail kadence-thumbnail-ratio-3-4\" href=\"https:\/\/hsgbestetrave.de\/?p=464\" aria-label=\"MJE Spielbericht 18.12.\">\n\t\t\t<div class=\"post-thumbnail-inner\">\n\t\t\t\t<img loading=\"lazy\" decoding=\"async\" width=\"768\" height=\"1024\" src=\"https:\/\/hsgbestetrave.de\/wp-content\/uploads\/2023\/04\/IMG-20221218-WA0012-768x1024.jpg\" class=\"attachment-medium_large size-medium_large wp-post-image\" alt=\"MJE Spielbericht 18.12.\" srcset=\"https:\/\/hsgbestetrave.de\/wp-content\/uploads\/2023\/04\/IMG-20221218-WA0012-768x1024.jpg 768w, https:\/\/hsgbestetrave.de\/wp-content\/uploads\/2023\/04\/IMG-20221218-WA0012-225x300.jpg 225w, https:\/\/hsgbestetrave.de\/wp-content\/uploads\/2023\/04\/IMG-20221218-WA0012-1152x1536.jpg 1152w, https:\/\/hsgbestetrave.de\/wp-content\/uploads\/2023\/04\/IMG-20221218-WA0012.jpg 1368w\" sizes=\"auto, (max-width: 768px) 100vw, 768px\" \/>\t\t\t<\/div>\n\t\t<\/a><!-- .post-thumbnail -->\n\t\t\t\t<div class=\"entry-content-wrap\">\n\t\t\t<header class=\"entry-header\">\n\t\t<div class=\"entry-taxonomies\">\n\t\t<span class=\"category-links term-links category-style-normal\">\n\t\t\t<a href=\"https:\/\/hsgbestetrave.de\/?cat=12\" rel=\"category\">News MJE<\/a>\t\t<\/span>\n\t<\/div><!-- .entry-taxonomies -->\n\t<h2 class=\"entry-title\"><a href=\"https:\/\/hsgbestetrave.de\/?p=464\" rel=\"bookmark\">MJE Spielbericht 18.12.<\/a><\/h2><\/header><!-- .entry-header -->\n\t<div class=\"entry-summary\">\n\t\t<p>Spielbericht: SG Glinde Reinbek&nbsp;vs HSG Beste Trave 25:14&nbsp;(11:6) Am 18.12. waren wir zu Gast in Glinde und wollten versuchen mit einem Sieg in der oberen Tabellenh\u00e4lfte zu bleiben.Mit nur 8 [&hellip;]<\/p>\n\t<\/div><!-- .entry-summary -->\n\t<footer class=\"entry-footer\">\n\t\t\t<div class=\"entry-actions\">\n\t\t\t<p class=\"more-link-wrap\">\n\t\t\t\t<a href=\"https:\/\/hsgbestetrave.de\/?p=464\" class=\"post-more-link\">\n\t\t\t\t\tRead More<span class=\"screen-reader-text\"> MJE Spielbericht 18.12.<\/span><span class=\"kadence-svg-iconset svg-baseline\"><svg aria-hidden=\"true\" class=\"kadence-svg-icon kadence-arrow-right-alt-svg\" fill=\"currentColor\" version=\"1.1\" xmlns=\"http:\/\/www.w3.org\/2000\/svg\" width=\"27\" height=\"28\" viewBox=\"0 0 27 28\"><title>Continue<\/title><path d=\"M27 13.953c0 0.141-0.063 0.281-0.156 0.375l-6 5.531c-0.156 0.141-0.359 0.172-0.547 0.094-0.172-0.078-0.297-0.25-0.297-0.453v-3.5h-19.5c-0.281 0-0.5-0.219-0.5-0.5v-3c0-0.281 0.219-0.5 0.5-0.5h19.5v-3.5c0-0.203 0.109-0.375 0.297-0.453s0.391-0.047 0.547 0.078l6 5.469c0.094 0.094 0.156 0.219 0.156 0.359v0z\"><\/path>\n\t\t\t<\/svg><\/span>\t\t\t\t<\/a>\n\t\t\t<\/p>\n\t\t<\/div><!-- .entry-actions -->\n\t\t<\/footer><!-- .entry-footer -->\t\t<\/div>\n\t<\/article>\n<\/li>\n<li class=\"kb-post-list-item\">\n\t<article class=\"entry content-bg loop-entry post-408 post type-post status-publish format-standard hentry category-news-mje\">\n\t\t\t\t<div class=\"entry-content-wrap\">\n\t\t\t<header class=\"entry-header\">\n\t\t<div class=\"entry-taxonomies\">\n\t\t<span class=\"category-links term-links category-style-normal\">\n\t\t\t<a href=\"https:\/\/hsgbestetrave.de\/?cat=12\" rel=\"category\">News MJE<\/a>\t\t<\/span>\n\t<\/div><!-- .entry-taxonomies -->\n\t<h2 class=\"entry-title\"><a href=\"https:\/\/hsgbestetrave.de\/?p=408\" rel=\"bookmark\">MJE Spielbericht 11.12.<\/a><\/h2><\/header><!-- .entry-header -->\n\t<div class=\"entry-summary\">\n\t\t<p>Spielbericht: TSV Bargteheide vs HSG Beste Trave 26:17 (9:7) Am Sonntag den 11.12. durften wir schon fr\u00fch morgens in Bargteheide antreten. Leider konnten nur 9 Spieler diese kurze Anfahrt antreten, [&hellip;]<\/p>\n\t<\/div><!-- .entry-summary -->\n\t<footer class=\"entry-footer\">\n\t\t\t<div class=\"entry-actions\">\n\t\t\t<p class=\"more-link-wrap\">\n\t\t\t\t<a href=\"https:\/\/hsgbestetrave.de\/?p=408\" class=\"post-more-link\">\n\t\t\t\t\tRead More<span class=\"screen-reader-text\"> MJE Spielbericht 11.12.<\/span><span class=\"kadence-svg-iconset svg-baseline\"><svg aria-hidden=\"true\" class=\"kadence-svg-icon kadence-arrow-right-alt-svg\" fill=\"currentColor\" version=\"1.1\" xmlns=\"http:\/\/www.w3.org\/2000\/svg\" width=\"27\" height=\"28\" viewBox=\"0 0 27 28\"><title>Continue<\/title><path d=\"M27 13.953c0 0.141-0.063 0.281-0.156 0.375l-6 5.531c-0.156 0.141-0.359 0.172-0.547 0.094-0.172-0.078-0.297-0.25-0.297-0.453v-3.5h-19.5c-0.281 0-0.5-0.219-0.5-0.5v-3c0-0.281 0.219-0.5 0.5-0.5h19.5v-3.5c0-0.203 0.109-0.375 0.297-0.453s0.391-0.047 0.547 0.078l6 5.469c0.094 0.094 0.156 0.219 0.156 0.359v0z\"><\/path>\n\t\t\t<\/svg><\/span>\t\t\t\t<\/a>\n\t\t\t<\/p>\n\t\t<\/div><!-- .entry-actions -->\n\t\t<\/footer><!-- .entry-footer -->\t\t<\/div>\n\t<\/article>\n<\/li>\n<li class=\"kb-post-list-item\">\n\t<article class=\"entry content-bg loop-entry post-403 post type-post status-publish format-standard hentry category-news-mje\">\n\t\t\t\t<div class=\"entry-content-wrap\">\n\t\t\t<header class=\"entry-header\">\n\t\t<div class=\"entry-taxonomies\">\n\t\t<span class=\"category-links term-links category-style-normal\">\n\t\t\t<a href=\"https:\/\/hsgbestetrave.de\/?cat=12\" rel=\"category\">News MJE<\/a>\t\t<\/span>\n\t<\/div><!-- .entry-taxonomies -->\n\t<h2 class=\"entry-title\"><a href=\"https:\/\/hsgbestetrave.de\/?p=403\" rel=\"bookmark\">MJE Spielbericht 27.11.<\/a><\/h2><\/header><!-- .entry-header -->\n\t<div class=\"entry-summary\">\n\t\t<p>Spielbericht: HSG Beste Trave vs TuS Aum\u00fchle-Wohltorf 13:26 (7:9) Am Sonntag den 27.11. hatten wir die Jungs aus Aum\u00fchle in der heimischen Stormarnhalle zu Gast. Von Beginn an entwickelte sich [&hellip;]<\/p>\n\t<\/div><!-- .entry-summary -->\n\t<footer class=\"entry-footer\">\n\t\t\t<div class=\"entry-actions\">\n\t\t\t<p class=\"more-link-wrap\">\n\t\t\t\t<a href=\"https:\/\/hsgbestetrave.de\/?p=403\" class=\"post-more-link\">\n\t\t\t\t\tRead More<span class=\"screen-reader-text\"> MJE Spielbericht 27.11.<\/span><span class=\"kadence-svg-iconset svg-baseline\"><svg aria-hidden=\"true\" class=\"kadence-svg-icon kadence-arrow-right-alt-svg\" fill=\"currentColor\" version=\"1.1\" xmlns=\"http:\/\/www.w3.org\/2000\/svg\" width=\"27\" height=\"28\" viewBox=\"0 0 27 28\"><title>Continue<\/title><path d=\"M27 13.953c0 0.141-0.063 0.281-0.156 0.375l-6 5.531c-0.156 0.141-0.359 0.172-0.547 0.094-0.172-0.078-0.297-0.25-0.297-0.453v-3.5h-19.5c-0.281 0-0.5-0.219-0.5-0.5v-3c0-0.281 0.219-0.5 0.5-0.5h19.5v-3.5c0-0.203 0.109-0.375 0.297-0.453s0.391-0.047 0.547 0.078l6 5.469c0.094 0.094 0.156 0.219 0.156 0.359v0z\"><\/path>\n\t\t\t<\/svg><\/span>\t\t\t\t<\/a>\n\t\t\t<\/p>\n\t\t<\/div><!-- .entry-actions -->\n\t\t<\/footer><!-- .entry-footer -->\t\t<\/div>\n\t<\/article>\n<\/li>\n<li class=\"kb-post-list-item\">\n\t<article class=\"entry content-bg loop-entry post-398 post type-post status-publish format-standard hentry category-news-mje\">\n\t\t\t\t<div class=\"entry-content-wrap\">\n\t\t\t<header class=\"entry-header\">\n\t\t<div class=\"entry-taxonomies\">\n\t\t<span class=\"category-links term-links category-style-normal\">\n\t\t\t<a href=\"https:\/\/hsgbestetrave.de\/?cat=12\" rel=\"category\">News MJE<\/a>\t\t<\/span>\n\t<\/div><!-- .entry-taxonomies -->\n\t<h2 class=\"entry-title\"><a href=\"https:\/\/hsgbestetrave.de\/?p=398\" rel=\"bookmark\">Spielbericht MJE 20.11.<\/a><\/h2><\/header><!-- .entry-header -->\n\t<div class=\"entry-summary\">\n\t\t<p>Spielbericht: HSG Tills L\u00f6wen vs HSG Beste Trave 25:17 (10:4) Am Sonntag den 20.11. musste sich die mJE der HSG Tills L\u00f6wen geschlagen geben.Nach einer ausgeglichenen Anfangsphase gelang es den [&hellip;]<\/p>\n\t<\/div><!-- .entry-summary -->\n\t<footer class=\"entry-footer\">\n\t\t\t<div class=\"entry-actions\">\n\t\t\t<p class=\"more-link-wrap\">\n\t\t\t\t<a href=\"https:\/\/hsgbestetrave.de\/?p=398\" class=\"post-more-link\">\n\t\t\t\t\tRead More<span class=\"screen-reader-text\"> Spielbericht MJE 20.11.<\/span><span class=\"kadence-svg-iconset svg-baseline\"><svg aria-hidden=\"true\" class=\"kadence-svg-icon kadence-arrow-right-alt-svg\" fill=\"currentColor\" version=\"1.1\" xmlns=\"http:\/\/www.w3.org\/2000\/svg\" width=\"27\" height=\"28\" viewBox=\"0 0 27 28\"><title>Continue<\/title><path d=\"M27 13.953c0 0.141-0.063 0.281-0.156 0.375l-6 5.531c-0.156 0.141-0.359 0.172-0.547 0.094-0.172-0.078-0.297-0.25-0.297-0.453v-3.5h-19.5c-0.281 0-0.5-0.219-0.5-0.5v-3c0-0.281 0.219-0.5 0.5-0.5h19.5v-3.5c0-0.203 0.109-0.375 0.297-0.453s0.391-0.047 0.547 0.078l6 5.469c0.094 0.094 0.156 0.219 0.156 0.359v0z\"><\/path>\n\t\t\t<\/svg><\/span>\t\t\t\t<\/a>\n\t\t\t<\/p>\n\t\t<\/div><!-- .entry-actions -->\n\t\t<\/footer><!-- .entry-footer -->\t\t<\/div>\n\t<\/article>\n<\/li>\n<\/ul>","protected":false},"excerpt":{"rendered":"<p>HSG Beste Trave \u2013 m\u00e4nnliche E-Jugend (8-10 Jahre) Der Umgang mit dem Handball \u2013 prellen, werfen und fangen \u2013 ist ein wesentlicher Bestandteil der \u00dcbungseinheiten der E-Jugend. Auch hier steht [&hellip;]<\/p>\n","protected":false},"author":1,"featured_media":0,"parent":0,"menu_order":0,"comment_status":"closed","ping_status":"closed","template":"","meta":{"_crdt_document":"","site-sidebar-layout":"default","site-content-layout":"","ast-site-content-layout":"default","site-content-style":"default","site-sidebar-style":"default","ast-global-header-display":"","ast-banner-title-visibility":"","ast-main-header-display":"","ast-hfb-above-header-display":"","ast-hfb-below-header-display":"","ast-hfb-mobile-header-display":"","site-post-title":"disabled","ast-breadcrumbs-content":"","ast-featured-img":"","footer-sml-layout":"","ast-disable-related-posts":"","theme-transparent-header-meta":"","adv-header-id-meta":"","stick-header-meta":"","header-above-stick-meta":"","header-main-stick-meta":"","header-below-stick-meta":"","astra-migrate-meta-layouts":"default","ast-page-background-enabled":"default","ast-page-background-meta":{"desktop":{"background-color":"var(--ast-global-color-4)","background-image":"","background-repeat":"repeat","background-position":"center center","background-size":"auto","background-attachment":"scroll","background-type":"","background-media":"","overlay-type":"","overlay-color":"","overlay-opacity":"","overlay-gradient":""},"tablet":{"background-color":"","background-image":"","background-repeat":"repeat","background-position":"center center","background-size":"auto","background-attachment":"scroll","background-type":"","background-media":"","overlay-type":"","overlay-color":"","overlay-opacity":"","overlay-gradient":""},"mobile":{"background-color":"","background-image":"","background-repeat":"repeat","background-position":"center center","background-size":"auto","background-attachment":"scroll","background-type":"","background-media":"","overlay-type":"","overlay-color":"","overlay-opacity":"","overlay-gradient":""}},"ast-content-background-meta":{"desktop":{"background-color":"var(--ast-global-color-5)","background-image":"","background-repeat":"repeat","background-position":"center center","background-size":"auto","background-attachment":"scroll","background-type":"","background-media":"","overlay-type":"","overlay-color":"","overlay-opacity":"","overlay-gradient":""},"tablet":{"background-color":"var(--ast-global-color-5)","background-image":"","background-repeat":"repeat","background-position":"center center","background-size":"auto","background-attachment":"scroll","background-type":"","background-media":"","overlay-type":"","overlay-color":"","overlay-opacity":"","overlay-gradient":""},"mobile":{"background-color":"var(--ast-global-color-5)","background-image":"","background-repeat":"repeat","background-position":"center center","background-size":"auto","background-attachment":"scroll","background-type":"","background-media":"","overlay-type":"","overlay-color":"","overlay-opacity":"","overlay-gradient":""}},"ngg_post_thumbnail":0,"footnotes":""},"class_list":["post-94","page","type-page","status-publish","hentry"],"jetpack_sharing_enabled":true,"_links":{"self":[{"href":"https:\/\/hsgbestetrave.de\/index.php?rest_route=\/wp\/v2\/pages\/94","targetHints":{"allow":["GET"]}}],"collection":[{"href":"https:\/\/hsgbestetrave.de\/index.php?rest_route=\/wp\/v2\/pages"}],"about":[{"href":"https:\/\/hsgbestetrave.de\/index.php?rest_route=\/wp\/v2\/types\/page"}],"author":[{"embeddable":true,"href":"https:\/\/hsgbestetrave.de\/index.php?rest_route=\/wp\/v2\/users\/1"}],"replies":[{"embeddable":true,"href":"https:\/\/hsgbestetrave.de\/index.php?rest_route=%2Fwp%2Fv2%2Fcomments&post=94"}],"version-history":[{"count":10,"href":"https:\/\/hsgbestetrave.de\/index.php?rest_route=\/wp\/v2\/pages\/94\/revisions"}],"predecessor-version":[{"id":401,"href":"https:\/\/hsgbestetrave.de\/index.php?rest_route=\/wp\/v2\/pages\/94\/revisions\/401"}],"wp:attachment":[{"href":"https:\/\/hsgbestetrave.de\/index.php?rest_route=%2Fwp%2Fv2%2Fmedia&parent=94"}],"curies":[{"name":"wp","href":"https:\/\/api.w.org\/{rel}","templated":true}]}}