{"id":99,"date":"2022-08-08T14:56:13","date_gmt":"2022-08-08T14:56:13","guid":{"rendered":"https:\/\/hsgbestetrave.de\/?page_id=99"},"modified":"2023-07-16T13:45:47","modified_gmt":"2023-07-16T13:45:47","slug":"1-b-jugend","status":"publish","type":"page","link":"https:\/\/hsgbestetrave.de\/?page_id=99","title":{"rendered":"A-Jugend"},"content":{"rendered":"\n<div class=\"wp-block-cover alignfull\" style=\"min-height:629px;aspect-ratio:unset;\"><span aria-hidden=\"true\" class=\"wp-block-cover__background has-background-dim\"><\/span><img loading=\"lazy\" decoding=\"async\" width=\"2048\" height=\"1536\" class=\"wp-block-cover__image-background wp-image-468\" alt=\"\" src=\"https:\/\/hsgbestetrave.de\/wp-content\/uploads\/2023\/04\/IMG-20230205-WA0075.jpg\" data-object-fit=\"cover\" srcset=\"https:\/\/hsgbestetrave.de\/wp-content\/uploads\/2023\/04\/IMG-20230205-WA0075.jpg 2048w, https:\/\/hsgbestetrave.de\/wp-content\/uploads\/2023\/04\/IMG-20230205-WA0075-300x225.jpg 300w, https:\/\/hsgbestetrave.de\/wp-content\/uploads\/2023\/04\/IMG-20230205-WA0075-1024x768.jpg 1024w, https:\/\/hsgbestetrave.de\/wp-content\/uploads\/2023\/04\/IMG-20230205-WA0075-768x576.jpg 768w, https:\/\/hsgbestetrave.de\/wp-content\/uploads\/2023\/04\/IMG-20230205-WA0075-1536x1152.jpg 1536w\" sizes=\"auto, (max-width: 2048px) 100vw, 2048px\" \/><div class=\"wp-block-cover__inner-container is-layout-flow wp-block-cover-is-layout-flow\">\n<p class=\"has-text-align-center has-large-font-size wp-block-paragraph\">weibliche A-Jugend<\/p>\n<\/div><\/div>\n\n\n\n<div style=\"height:62px\" aria-hidden=\"true\" class=\"wp-block-spacer\"><\/div>\n\n\n\n<p class=\"wp-block-paragraph\">Hallo, wir sind die wJA der HSG Beste Trave. Wir sind viele motivierte Spielerin aus den Jahrg\u00e4ngen 2006\/2007. Durch unsere St\u00e4rken und Schw\u00e4chen erg\u00e4nzen wir uns gegenseitig. Ergeiz, Zusammenhalt und Spa\u00df steht bei uns an erster Stelle! Wir trainieren zweimal in der Woche. Nat\u00fcrlich sind wir nicht nur in der Halle ein Team, sondern auch au\u00dferhalb. Damit das gute Verh\u00e4ltnis innerhalb der Mannschaft bestehen bleibt, organisieren wir des \u00d6fteren einen Team-Abend oder aber auch Ausfl\u00fcge. Aber auch das Trainingslager, was f\u00fcr uns einmal im Jahr ansteht, darf nicht fehlen.<\/p>\n\n\n\n<div class=\"wp-block-columns is-layout-flex wp-container-core-columns-is-layout-7387b849 wp-block-columns-is-layout-flex\">\n<div class=\"wp-block-column is-layout-flow wp-block-column-is-layout-flow\">\n<p class=\"wp-block-paragraph\"><strong>Um einen weiteren Eindruck von uns zu bekommen k\u00f6nnt ihr uns auch auf Instagram finden:<\/strong> @hsgbestetrave.wja<\/p>\n<\/div>\n\n\n\n<div class=\"wp-block-column is-layout-flow wp-block-column-is-layout-flow\">\n<ul class=\"wp-block-social-links is-layout-flex wp-block-social-links-is-layout-flex\"><li class=\"wp-social-link wp-social-link-instagram  wp-block-social-link\"><a href=\"https:\/\/instagram.com\/hsgbestetrave.wjb?igshid=YmMyMTA2M2Y=\" class=\"wp-block-social-link-anchor\"><svg width=\"24\" height=\"24\" viewBox=\"0 0 24 24\" version=\"1.1\" xmlns=\"http:\/\/www.w3.org\/2000\/svg\" aria-hidden=\"true\" focusable=\"false\"><path d=\"M12,4.622c2.403,0,2.688,0.009,3.637,0.052c0.877,0.04,1.354,0.187,1.671,0.31c0.42,0.163,0.72,0.358,1.035,0.673 c0.315,0.315,0.51,0.615,0.673,1.035c0.123,0.317,0.27,0.794,0.31,1.671c0.043,0.949,0.052,1.234,0.052,3.637 s-0.009,2.688-0.052,3.637c-0.04,0.877-0.187,1.354-0.31,1.671c-0.163,0.42-0.358,0.72-0.673,1.035 c-0.315,0.315-0.615,0.51-1.035,0.673c-0.317,0.123-0.794,0.27-1.671,0.31c-0.949,0.043-1.233,0.052-3.637,0.052 s-2.688-0.009-3.637-0.052c-0.877-0.04-1.354-0.187-1.671-0.31c-0.42-0.163-0.72-0.358-1.035-0.673 c-0.315-0.315-0.51-0.615-0.673-1.035c-0.123-0.317-0.27-0.794-0.31-1.671C4.631,14.688,4.622,14.403,4.622,12 s0.009-2.688,0.052-3.637c0.04-0.877,0.187-1.354,0.31-1.671c0.163-0.42,0.358-0.72,0.673-1.035 c0.315-0.315,0.615-0.51,1.035-0.673c0.317-0.123,0.794-0.27,1.671-0.31C9.312,4.631,9.597,4.622,12,4.622 M12,3 C9.556,3,9.249,3.01,8.289,3.054C7.331,3.098,6.677,3.25,6.105,3.472C5.513,3.702,5.011,4.01,4.511,4.511 c-0.5,0.5-0.808,1.002-1.038,1.594C3.25,6.677,3.098,7.331,3.054,8.289C3.01,9.249,3,9.556,3,12c0,2.444,0.01,2.751,0.054,3.711 c0.044,0.958,0.196,1.612,0.418,2.185c0.23,0.592,0.538,1.094,1.038,1.594c0.5,0.5,1.002,0.808,1.594,1.038 c0.572,0.222,1.227,0.375,2.185,0.418C9.249,20.99,9.556,21,12,21s2.751-0.01,3.711-0.054c0.958-0.044,1.612-0.196,2.185-0.418 c0.592-0.23,1.094-0.538,1.594-1.038c0.5-0.5,0.808-1.002,1.038-1.594c0.222-0.572,0.375-1.227,0.418-2.185 C20.99,14.751,21,14.444,21,12s-0.01-2.751-0.054-3.711c-0.044-0.958-0.196-1.612-0.418-2.185c-0.23-0.592-0.538-1.094-1.038-1.594 c-0.5-0.5-1.002-0.808-1.594-1.038c-0.572-0.222-1.227-0.375-2.185-0.418C14.751,3.01,14.444,3,12,3L12,3z M12,7.378 c-2.552,0-4.622,2.069-4.622,4.622S9.448,16.622,12,16.622s4.622-2.069,4.622-4.622S14.552,7.378,12,7.378z M12,15 c-1.657,0-3-1.343-3-3s1.343-3,3-3s3,1.343,3,3S13.657,15,12,15z M16.804,6.116c-0.596,0-1.08,0.484-1.08,1.08 s0.484,1.08,1.08,1.08c0.596,0,1.08-0.484,1.08-1.08S17.401,6.116,16.804,6.116z\"><\/path><\/svg><span class=\"wp-block-social-link-label screen-reader-text\">Instagram<\/span><\/a><\/li><\/ul>\n<\/div>\n<\/div>\n\n\n\n<div class=\"wp-block-columns is-layout-flex wp-container-core-columns-is-layout-7387b849 wp-block-columns-is-layout-flex\">\n<div class=\"wp-block-column is-layout-flow wp-block-column-is-layout-flow\">\n<h2 class=\"wp-block-heading\">Unsere Trainingszeiten<\/h2>\n\n\n\n<p class=\"wp-block-paragraph\">Dienstags &amp; Donnerstags: 18:30 &#8211; 20 Uhr<\/p>\n<\/div>\n\n\n\n<div class=\"wp-block-column is-layout-flow wp-block-column-is-layout-flow\">\n<h2 class=\"wp-block-heading\">Hier trainieren wir<\/h2>\n\n\n\n<p class=\"wp-block-paragraph\">Schule am Masurenweg<\/p>\n<\/div>\n<\/div>\n\n\n\n<h2 class=\"wp-block-heading\">Du hast R\u00fcckfragen?<\/h2>\n\n\n\n<p class=\"wp-block-paragraph\">Melde dich gerne unter <a>kontakt@hsgbestetrave.de<\/a> bei Jule<\/p>\n\n\n<style>.kb-posts-id-_1e5fbf-50 .kb-post-list-item{display:grid;}<\/style><ul class=\"wp-block-kadence-posts kb-posts kadence-posts-list kb-posts-id-_1e5fbf-50 content-wrap grid-cols kb-posts-style-boxed grid-sm-col-2 grid-lg-col-3 item-image-style-above\"><li class=\"kb-post-list-item\">\n\t<article class=\"entry content-bg loop-entry post-554 post type-post status-publish format-standard has-post-thumbnail hentry category-wjb\">\n\t\t\t\t<a aria-hidden=\"true\" tabindex=\"-1\" role=\"presentation\" class=\"post-thumbnail kadence-thumbnail-ratio-2-3\" href=\"https:\/\/hsgbestetrave.de\/?p=554\" aria-label=\"wJA beim ATSV Rasenturnier 06.05.2023\">\n\t\t\t<div class=\"post-thumbnail-inner\">\n\t\t\t\t<img loading=\"lazy\" decoding=\"async\" width=\"768\" height=\"641\" src=\"https:\/\/hsgbestetrave.de\/wp-content\/uploads\/2023\/05\/IMG_20230510_210204-768x641.jpg\" class=\"attachment-medium_large size-medium_large wp-post-image\" alt=\"wJA beim ATSV Rasenturnier 06.05.2023\" srcset=\"https:\/\/hsgbestetrave.de\/wp-content\/uploads\/2023\/05\/IMG_20230510_210204-768x641.jpg 768w, https:\/\/hsgbestetrave.de\/wp-content\/uploads\/2023\/05\/IMG_20230510_210204-300x250.jpg 300w, https:\/\/hsgbestetrave.de\/wp-content\/uploads\/2023\/05\/IMG_20230510_210204-1024x854.jpg 1024w, https:\/\/hsgbestetrave.de\/wp-content\/uploads\/2023\/05\/IMG_20230510_210204.jpg 1536w\" sizes=\"auto, (max-width: 768px) 100vw, 768px\" \/>\t\t\t<\/div>\n\t\t<\/a><!-- .post-thumbnail -->\n\t\t\t\t<div class=\"entry-content-wrap\">\n\t\t\t<header class=\"entry-header\">\n\t\t<div class=\"entry-taxonomies\">\n\t\t<span class=\"category-links term-links category-style-normal\">\n\t\t\t<a href=\"https:\/\/hsgbestetrave.de\/?cat=14\" rel=\"category\">WJB<\/a>\t\t<\/span>\n\t<\/div><!-- .entry-taxonomies -->\n\t<h2 class=\"entry-title\"><a href=\"https:\/\/hsgbestetrave.de\/?p=554\" rel=\"bookmark\">wJA beim ATSV Rasenturnier 06.05.2023<\/a><\/h2>\t<div class=\"entry-meta entry-meta-divider-dot\">\n\t<span class=\"posted-by\"><span class=\"meta-label\">By<\/span><span class=\"author vcard\"><span class=\"fn n\">Bente<\/span><\/span><\/span>\t\t\t<span class=\"posted-on\">\n\t\t\t\t<time class=\"entry-date published\" datetime=\"2023-05-06T20:00:00+00:00\">Mai 6, 2023<\/time><time class=\"updated\" datetime=\"2023-07-15T12:54:11+00:00\">Juli 15, 2023<\/time>\t\t\t<\/span>\n\t\t\t\t<\/div><!-- .entry-meta -->\n\t<\/header><!-- .entry-header -->\n\t<div class=\"entry-summary\">\n\t\t<p>Bei ungem\u00fctlichem Wetter ging es heute schon fr\u00fch los zu unserem ersten Turnier als A-Jugend. Bereits im Vorraus wussten wir, dass uns starke Gegner erwarten, welche bereits ein Jahr A-Jugend [&hellip;]<\/p>\n\t<\/div><!-- .entry-summary -->\n\t<footer class=\"entry-footer\">\n\t\t\t<div class=\"entry-actions\">\n\t\t\t<p class=\"more-link-wrap\">\n\t\t\t\t<a href=\"https:\/\/hsgbestetrave.de\/?p=554\" class=\"post-more-link\">\n\t\t\t\t\tRead More<span class=\"screen-reader-text\"> wJA beim ATSV Rasenturnier 06.05.2023<\/span><span class=\"kadence-svg-iconset svg-baseline\"><svg aria-hidden=\"true\" class=\"kadence-svg-icon kadence-arrow-right-alt-svg\" fill=\"currentColor\" version=\"1.1\" xmlns=\"http:\/\/www.w3.org\/2000\/svg\" width=\"27\" height=\"28\" viewBox=\"0 0 27 28\"><title>Continue<\/title><path d=\"M27 13.953c0 0.141-0.063 0.281-0.156 0.375l-6 5.531c-0.156 0.141-0.359 0.172-0.547 0.094-0.172-0.078-0.297-0.25-0.297-0.453v-3.5h-19.5c-0.281 0-0.5-0.219-0.5-0.5v-3c0-0.281 0.219-0.5 0.5-0.5h19.5v-3.5c0-0.203 0.109-0.375 0.297-0.453s0.391-0.047 0.547 0.078l6 5.469c0.094 0.094 0.156 0.219 0.156 0.359v0z\"><\/path>\n\t\t\t<\/svg><\/span>\t\t\t\t<\/a>\n\t\t\t<\/p>\n\t\t<\/div><!-- .entry-actions -->\n\t\t<\/footer><!-- .entry-footer -->\t\t<\/div>\n\t<\/article>\n<\/li>\n<li class=\"kb-post-list-item\">\n\t<article class=\"entry content-bg loop-entry post-545 post type-post status-publish format-standard has-post-thumbnail hentry category-wjb\">\n\t\t\t\t<a aria-hidden=\"true\" tabindex=\"-1\" role=\"presentation\" class=\"post-thumbnail kadence-thumbnail-ratio-2-3\" href=\"https:\/\/hsgbestetrave.de\/?p=545\" aria-label=\"wJB Saisons-Abschlussturnier\">\n\t\t\t<div class=\"post-thumbnail-inner\">\n\t\t\t\t<img loading=\"lazy\" decoding=\"async\" width=\"768\" height=\"533\" src=\"https:\/\/hsgbestetrave.de\/wp-content\/uploads\/2023\/05\/IMG_20230510_212241-768x533.jpg\" class=\"attachment-medium_large size-medium_large wp-post-image\" alt=\"wJB Saisons-Abschlussturnier\" srcset=\"https:\/\/hsgbestetrave.de\/wp-content\/uploads\/2023\/05\/IMG_20230510_212241-768x533.jpg 768w, https:\/\/hsgbestetrave.de\/wp-content\/uploads\/2023\/05\/IMG_20230510_212241-300x208.jpg 300w, https:\/\/hsgbestetrave.de\/wp-content\/uploads\/2023\/05\/IMG_20230510_212241-1024x710.jpg 1024w, https:\/\/hsgbestetrave.de\/wp-content\/uploads\/2023\/05\/IMG_20230510_212241.jpg 1285w\" sizes=\"auto, (max-width: 768px) 100vw, 768px\" \/>\t\t\t<\/div>\n\t\t<\/a><!-- .post-thumbnail -->\n\t\t\t\t<div class=\"entry-content-wrap\">\n\t\t\t<header class=\"entry-header\">\n\t\t<div class=\"entry-taxonomies\">\n\t\t<span class=\"category-links term-links category-style-normal\">\n\t\t\t<a href=\"https:\/\/hsgbestetrave.de\/?cat=14\" rel=\"category\">WJB<\/a>\t\t<\/span>\n\t<\/div><!-- .entry-taxonomies -->\n\t<h2 class=\"entry-title\"><a href=\"https:\/\/hsgbestetrave.de\/?p=545\" rel=\"bookmark\">wJB Saisons-Abschlussturnier<\/a><\/h2>\t<div class=\"entry-meta entry-meta-divider-dot\">\n\t<span class=\"posted-by\"><span class=\"meta-label\">By<\/span><span class=\"author vcard\"><span class=\"fn n\">Bente<\/span><\/span><\/span>\t\t\t<span class=\"posted-on\">\n\t\t\t\t<time class=\"entry-date published\" datetime=\"2023-04-29T20:28:00+00:00\">April 29, 2023<\/time><time class=\"updated\" datetime=\"2023-07-15T12:49:04+00:00\">Juli 15, 2023<\/time>\t\t\t<\/span>\n\t\t\t\t<\/div><!-- .entry-meta -->\n\t<\/header><!-- .entry-header -->\n\t<div class=\"entry-summary\">\n\t\t<p>Mit einem Turnier in der heimischen Stormanhalle, verabschiedet sich unsere wJB nun in die wJA.<\/p>\n\t<\/div><!-- .entry-summary -->\n\t<footer class=\"entry-footer\">\n\t\t\t<div class=\"entry-actions\">\n\t\t\t<p class=\"more-link-wrap\">\n\t\t\t\t<a href=\"https:\/\/hsgbestetrave.de\/?p=545\" class=\"post-more-link\">\n\t\t\t\t\tRead More<span class=\"screen-reader-text\"> wJB Saisons-Abschlussturnier<\/span><span class=\"kadence-svg-iconset svg-baseline\"><svg aria-hidden=\"true\" class=\"kadence-svg-icon kadence-arrow-right-alt-svg\" fill=\"currentColor\" version=\"1.1\" xmlns=\"http:\/\/www.w3.org\/2000\/svg\" width=\"27\" height=\"28\" viewBox=\"0 0 27 28\"><title>Continue<\/title><path d=\"M27 13.953c0 0.141-0.063 0.281-0.156 0.375l-6 5.531c-0.156 0.141-0.359 0.172-0.547 0.094-0.172-0.078-0.297-0.25-0.297-0.453v-3.5h-19.5c-0.281 0-0.5-0.219-0.5-0.5v-3c0-0.281 0.219-0.5 0.5-0.5h19.5v-3.5c0-0.203 0.109-0.375 0.297-0.453s0.391-0.047 0.547 0.078l6 5.469c0.094 0.094 0.156 0.219 0.156 0.359v0z\"><\/path>\n\t\t\t<\/svg><\/span>\t\t\t\t<\/a>\n\t\t\t<\/p>\n\t\t<\/div><!-- .entry-actions -->\n\t\t<\/footer><!-- .entry-footer -->\t\t<\/div>\n\t<\/article>\n<\/li>\n<li class=\"kb-post-list-item\">\n\t<article class=\"entry content-bg loop-entry post-494 post type-post status-publish format-standard has-post-thumbnail hentry category-wjb\">\n\t\t\t\t<a aria-hidden=\"true\" tabindex=\"-1\" role=\"presentation\" class=\"post-thumbnail kadence-thumbnail-ratio-2-3\" href=\"https:\/\/hsgbestetrave.de\/?p=494\" aria-label=\"Kolding Handball Cup wJB\">\n\t\t\t<div class=\"post-thumbnail-inner\">\n\t\t\t\t<img loading=\"lazy\" decoding=\"async\" width=\"768\" height=\"576\" src=\"https:\/\/hsgbestetrave.de\/wp-content\/uploads\/2023\/04\/IMG-20230409-WA0006-768x576.jpg\" class=\"attachment-medium_large size-medium_large wp-post-image\" alt=\"Kolding Handball Cup wJB\" srcset=\"https:\/\/hsgbestetrave.de\/wp-content\/uploads\/2023\/04\/IMG-20230409-WA0006-768x576.jpg 768w, https:\/\/hsgbestetrave.de\/wp-content\/uploads\/2023\/04\/IMG-20230409-WA0006-300x225.jpg 300w, https:\/\/hsgbestetrave.de\/wp-content\/uploads\/2023\/04\/IMG-20230409-WA0006-1024x768.jpg 1024w, https:\/\/hsgbestetrave.de\/wp-content\/uploads\/2023\/04\/IMG-20230409-WA0006-1536x1152.jpg 1536w, https:\/\/hsgbestetrave.de\/wp-content\/uploads\/2023\/04\/IMG-20230409-WA0006.jpg 2048w\" sizes=\"auto, (max-width: 768px) 100vw, 768px\" \/>\t\t\t<\/div>\n\t\t<\/a><!-- .post-thumbnail -->\n\t\t\t\t<div class=\"entry-content-wrap\">\n\t\t\t<header class=\"entry-header\">\n\t\t<div class=\"entry-taxonomies\">\n\t\t<span class=\"category-links term-links category-style-normal\">\n\t\t\t<a href=\"https:\/\/hsgbestetrave.de\/?cat=14\" rel=\"category\">WJB<\/a>\t\t<\/span>\n\t<\/div><!-- .entry-taxonomies -->\n\t<h2 class=\"entry-title\"><a href=\"https:\/\/hsgbestetrave.de\/?p=494\" rel=\"bookmark\">Kolding Handball Cup wJB<\/a><\/h2>\t<div class=\"entry-meta entry-meta-divider-dot\">\n\t<span class=\"posted-by\"><span class=\"meta-label\">By<\/span><span class=\"author vcard\"><span class=\"fn n\">Bente<\/span><\/span><\/span>\t\t\t<span class=\"posted-on\">\n\t\t\t\t<time class=\"entry-date published\" datetime=\"2023-04-10T15:00:00+00:00\">April 10, 2023<\/time><time class=\"updated\" datetime=\"2023-04-24T14:03:53+00:00\">April 24, 2023<\/time>\t\t\t<\/span>\n\t\t\t\t<\/div><!-- .entry-meta -->\n\t<\/header><!-- .entry-header -->\n\t<div class=\"entry-summary\">\n\t\t<p>Unsere M\u00e4dels der weiblichen Jugend B haben dieses Jahr am Koldingcup in D\u00e4nemark teilgenommen. In den Spielen k\u00e4mpften sie und gaben ihr Bestes, doch konnten leider kein Spiel gegen die [&hellip;]<\/p>\n\t<\/div><!-- .entry-summary -->\n\t<footer class=\"entry-footer\">\n\t\t\t<div class=\"entry-actions\">\n\t\t\t<p class=\"more-link-wrap\">\n\t\t\t\t<a href=\"https:\/\/hsgbestetrave.de\/?p=494\" class=\"post-more-link\">\n\t\t\t\t\tRead More<span class=\"screen-reader-text\"> Kolding Handball Cup wJB<\/span><span class=\"kadence-svg-iconset svg-baseline\"><svg aria-hidden=\"true\" class=\"kadence-svg-icon kadence-arrow-right-alt-svg\" fill=\"currentColor\" version=\"1.1\" xmlns=\"http:\/\/www.w3.org\/2000\/svg\" width=\"27\" height=\"28\" viewBox=\"0 0 27 28\"><title>Continue<\/title><path d=\"M27 13.953c0 0.141-0.063 0.281-0.156 0.375l-6 5.531c-0.156 0.141-0.359 0.172-0.547 0.094-0.172-0.078-0.297-0.25-0.297-0.453v-3.5h-19.5c-0.281 0-0.5-0.219-0.5-0.5v-3c0-0.281 0.219-0.5 0.5-0.5h19.5v-3.5c0-0.203 0.109-0.375 0.297-0.453s0.391-0.047 0.547 0.078l6 5.469c0.094 0.094 0.156 0.219 0.156 0.359v0z\"><\/path>\n\t\t\t<\/svg><\/span>\t\t\t\t<\/a>\n\t\t\t<\/p>\n\t\t<\/div><!-- .entry-actions -->\n\t\t<\/footer><!-- .entry-footer -->\t\t<\/div>\n\t<\/article>\n<\/li>\n<\/ul>","protected":false},"excerpt":{"rendered":"<p>Hallo, wir sind die wJA der HSG Beste Trave. Wir sind viele motivierte Spielerin aus den Jahrg\u00e4ngen 2006\/2007. Durch unsere St\u00e4rken und Schw\u00e4chen erg\u00e4nzen wir uns gegenseitig. Ergeiz, Zusammenhalt und [&hellip;]<\/p>\n","protected":false},"author":1,"featured_media":0,"parent":0,"menu_order":0,"comment_status":"closed","ping_status":"closed","template":"","meta":{"_crdt_document":"","site-sidebar-layout":"default","site-content-layout":"","ast-site-content-layout":"default","site-content-style":"default","site-sidebar-style":"default","ast-global-header-display":"","ast-banner-title-visibility":"","ast-main-header-display":"","ast-hfb-above-header-display":"","ast-hfb-below-header-display":"","ast-hfb-mobile-header-display":"","site-post-title":"disabled","ast-breadcrumbs-content":"","ast-featured-img":"","footer-sml-layout":"","ast-disable-related-posts":"","theme-transparent-header-meta":"","adv-header-id-meta":"","stick-header-meta":"","header-above-stick-meta":"","header-main-stick-meta":"","header-below-stick-meta":"","astra-migrate-meta-layouts":"default","ast-page-background-enabled":"default","ast-page-background-meta":{"desktop":{"background-color":"var(--ast-global-color-4)","background-image":"","background-repeat":"repeat","background-position":"center center","background-size":"auto","background-attachment":"scroll","background-type":"","background-media":"","overlay-type":"","overlay-color":"","overlay-opacity":"","overlay-gradient":""},"tablet":{"background-color":"","background-image":"","background-repeat":"repeat","background-position":"center center","background-size":"auto","background-attachment":"scroll","background-type":"","background-media":"","overlay-type":"","overlay-color":"","overlay-opacity":"","overlay-gradient":""},"mobile":{"background-color":"","background-image":"","background-repeat":"repeat","background-position":"center center","background-size":"auto","background-attachment":"scroll","background-type":"","background-media":"","overlay-type":"","overlay-color":"","overlay-opacity":"","overlay-gradient":""}},"ast-content-background-meta":{"desktop":{"background-color":"var(--ast-global-color-5)","background-image":"","background-repeat":"repeat","background-position":"center center","background-size":"auto","background-attachment":"scroll","background-type":"","background-media":"","overlay-type":"","overlay-color":"","overlay-opacity":"","overlay-gradient":""},"tablet":{"background-color":"var(--ast-global-color-5)","background-image":"","background-repeat":"repeat","background-position":"center center","background-size":"auto","background-attachment":"scroll","background-type":"","background-media":"","overlay-type":"","overlay-color":"","overlay-opacity":"","overlay-gradient":""},"mobile":{"background-color":"var(--ast-global-color-5)","background-image":"","background-repeat":"repeat","background-position":"center center","background-size":"auto","background-attachment":"scroll","background-type":"","background-media":"","overlay-type":"","overlay-color":"","overlay-opacity":"","overlay-gradient":""}},"ngg_post_thumbnail":0,"footnotes":""},"class_list":["post-99","page","type-page","status-publish","hentry"],"jetpack_sharing_enabled":true,"_links":{"self":[{"href":"https:\/\/hsgbestetrave.de\/index.php?rest_route=\/wp\/v2\/pages\/99","targetHints":{"allow":["GET"]}}],"collection":[{"href":"https:\/\/hsgbestetrave.de\/index.php?rest_route=\/wp\/v2\/pages"}],"about":[{"href":"https:\/\/hsgbestetrave.de\/index.php?rest_route=\/wp\/v2\/types\/page"}],"author":[{"embeddable":true,"href":"https:\/\/hsgbestetrave.de\/index.php?rest_route=\/wp\/v2\/users\/1"}],"replies":[{"embeddable":true,"href":"https:\/\/hsgbestetrave.de\/index.php?rest_route=%2Fwp%2Fv2%2Fcomments&post=99"}],"version-history":[{"count":13,"href":"https:\/\/hsgbestetrave.de\/index.php?rest_route=\/wp\/v2\/pages\/99\/revisions"}],"predecessor-version":[{"id":581,"href":"https:\/\/hsgbestetrave.de\/index.php?rest_route=\/wp\/v2\/pages\/99\/revisions\/581"}],"wp:attachment":[{"href":"https:\/\/hsgbestetrave.de\/index.php?rest_route=%2Fwp%2Fv2%2Fmedia&parent=99"}],"curies":[{"name":"wp","href":"https:\/\/api.w.org\/{rel}","templated":true}]}}